{"id":3692,"date":"2018-10-12T15:16:34","date_gmt":"2018-10-12T13:16:34","guid":{"rendered":"https:\/\/www.extremeplus.it\/privacy-policy\/"},"modified":"2020-02-27T21:30:48","modified_gmt":"2020-02-27T20:30:48","slug":"privacy-policy","status":"publish","type":"page","link":"https:\/\/extremeplus.it\/es\/privacy-policy\/","title":{"rendered":"Privacy e Cookie Policy"},"content":{"rendered":"\n<style type=\"text\/css\" data-created_by=\"avia_inline_auto\" id=\"style-css-av-joso3qv0-d918d107d33f417f8eac4a047c0d3f95\">\n#top .av_textblock_section.av-joso3qv0-d918d107d33f417f8eac4a047c0d3f95 .avia_textblock{\nfont-size:15px;\n}\n<\/style>\n<section  class='av_textblock_section av-joso3qv0-d918d107d33f417f8eac4a047c0d3f95'  itemscope=\"itemscope\" itemtype=\"https:\/\/schema.org\/CreativeWork\" ><div class='avia_textblock'  itemprop=\"text\" ><p class=\"p1\"><span class=\"s1\"><b>NTP Group Srl<\/b><\/span><\/p>\n<p class=\"p2\"><span class=\"s1\">Via Avignone, 15 \u2013 59100 Prato (PO)\u00a0CF e P. IVA 05668860488 \u2013 REG.IMP\u00a0FI05668860488 \u2013 R.E.A. 0508719 \u2013 Capital Societario \u20ac 40.000,00 i.v.<br \/>\nEs titular del tratamiento de datos personales recogidos en este sitio conforme y a los efectos del Reglamento UE 679\/2016 (GDPR) Esta Informativa de la privacidad es actualizada al 25\/05\/2018<\/span><\/p>\n<p class=\"p1\"><strong><span class=\"s1\">CATEGOR\u00cdAS Y NATURALEZA DE LOS DATOS TRATADOS<\/span><\/strong><\/p>\n<p class=\"p1\"><span class=\"s1\">NTP Group Srl tratar\u00e1 los datos personales recogidos de los usuarios durante la navegaci\u00f3n y utilizo del Sitio Web, al momento del env\u00edo de datos a trav\u00e9s de los formularios y de los elementos electr\u00f3nicos automatizados ( ver tambi\u00e9n secci\u00f3n sucesiva \u201cCookies\u201d)<\/span><span class=\"s2\"><br \/>\n<\/span><\/p>\n<p class=\"p1\"><strong><span class=\"s1\">OBJETIVOS<\/span><\/strong><\/p>\n<p class=\"p1\"><span class=\"s1\">Los datos personales podr\u00e1n ser tratados para las siguientes fines <\/span><\/p>\n<ol class=\"ol1\">\n<li class=\"li2\"><span class=\"s2\">Ejecuci\u00f3n de obligaciones estrictamente conectadas e instrumentales a la utilizaci\u00f3n del sitio web, a la registraci\u00f3n y al acceso de las \u00e1rea reservadas del mismo.<\/span><\/li>\n<li class=\"li2\"><span class=\"s2\">Responder a las solicitudes espec\u00edficas<\/span><\/li>\n<li class=\"li2\"><span class=\"s2\">Cumplir con las obligaciones de ley.<\/span><\/li>\n<li class=\"li2\"><span class=\"s2\">Ejecuci\u00f3n de estad\u00edsticas y medidas del nivel de satisfacci\u00f3n del cliente, env\u00edo de comunicaciones promocionales y newsletter ( a traves de direccion email, telefono, correo y sms, tambi\u00e9n a trav\u00e9s de instrumentos automatizados) a los contactos comunicados al momento del completamiento del formulario de registraci\u00f3n online.<\/span><\/li>\n<li class=\"li3\"><span class=\"s2\">Tratamiento de las informaciones relativas al uso del Sitio web ( los cuales se refieren a la frecuencia de utilizo, modalidad, costumbres, intereses, estad\u00edsticas, etc) a trav\u00e9s del utilizo de cookies ( ver secci\u00f3n siguiente \u201cCookies pol\u00edtica de Extreme Plus)<\/span><\/li>\n<\/ol>\n<p class=\"p1\"><strong>NATURALEZA OBLIGATORIA U OPCIONAL DEL OTORGAMIENTO DE LOS DATOS, CONSECUENCIAS DE UN EVENTUAL RECHAZO<\/strong><\/p>\n<p class=\"p1\"><span class=\"s1\">En m\u00e9rito a las finalidades citadas con precedencia en los puntos a), b) y c), el otorgamiento de sus datos personales a Extreme Plus es obligatorio, y el relativo al tratamiento de los mismos no requiere su consentimiento. El otorgamiento de los datos relativos a los campos se\u00f1alados como no obligatorios al interno del formulario de registraci\u00f3n, sin embargo, es opcional.<\/span><\/p>\n<p class=\"p1\"><span class=\"s1\">El otorgamiento de los datos para las finalidades citadas en los puntos d) y e) sin embargo es opcional, comportando un eventual rechazo ninguna consecuencia.<\/span><\/p>\n<p class=\"p1\"><span class=\"s1\">Los usuarios son libres de cancelar sus suscripciones al servicio de newsletter en cualquier momento, haciendo click sobre el link \u201cunsuscribe\u201d presente en todos los e.mails promocionales.<\/span><\/p>\n<p class=\"p1\"><strong>MODALIDAD DEL TRATAMIENTO<\/strong><\/p>\n<p class=\"p1\"><span class=\"s1\">Los datos personales son tratados con instrumentos automatizados, con l\u00f3gicas extremadamente ligadas a las finalidades mismas, por el tiempo estrictamente necesario para obtener los objetivos por los cuales han sido recolectados en el respeto del cumplimiento de la ley. Se aplican medidas de seguridad espec\u00edficas para prevenir la p\u00e9rdida de datos, usos il\u00edcitos o incorrectos y accesos no autorizados. La informaci\u00f3n recogida es registrada en un ambiente seguro. <\/span><\/p>\n<p class=\"p1\"><span class=\"s1\"><b>AMBITO DE COMUNICACION DE DATOS<\/b><\/span><\/p>\n<p class=\"p1\"><span class=\"s1\">Los datos personales no ser\u00e1n objeto de difusi\u00f3n y podr\u00e1n ser comunicados en Italia o en otros Paises de la Uni\u00f3n Europea en el \u00e1mbito de la finalidad citada anteriormente, a terceras partes que act\u00faen por cuenta o en nombre de NTP Gruoup Srl, sujetos tales cuales encargados de la entrega de productos, institutos de cr\u00e9ditos, nuestros consultores legales y fiscales, fuentes externas, etc. <\/span><\/p>\n<p class=\"p1\"><span class=\"s1\"><b>DERECHOS DEL INTERESADO<\/b><\/span><\/p>\n<p class=\"p1\"><span class=\"s1\">Le informamos que el C\u00f3digo de Privacidad le confiere el ejercicio de los siguientes derechos espec\u00edficos. En particular, en cualquier momento Usted puede obtener: a) la confirmaci\u00f3n de la existencia o menos de datos personales que la conciernen, incluso sin haberse registrado, y su comunicaci\u00f3n en forma inteligible; b) La indicaci\u00f3n del origen de los datos personales, de las finalidades y modalidades del tratamiento y la l\u00f3gica aplicada en caso de tratamiento efectuado con la ayuda de instrumentos electr\u00f3nicos. c) La indicaci\u00f3n de los extremos identificativos del titular y de los responsables como as\u00ed tambi\u00e9n de los sujetos o de las categor\u00edas de sujetos a las cuales los datos personales puedan ser comunicados o que puedan llegar a conocer d) la actualizaci\u00f3n, rectificaci\u00f3n e integraci\u00f3n de datos, como as\u00ed tambi\u00e9n la cancelaci\u00f3n, transformaci\u00f3n de forma an\u00f3nima o el bloqueo de datos tratados en violaci\u00f3n de la ley, comprendidos aquellos de los cuales no es necesaria la conservaci\u00f3n en relaci\u00f3n a los objetivos por los cuales los datos han sido recopilados o sucesivamente tratados ; e) la certificaci\u00f3n de que las operaciones a que se refiere la letra d) han sido se\u00f1aladas a la atenci\u00f3n, tambi\u00e9n con respecto a su contenido, de aquellos a quienes se han comunicado los datos, excepto en el caso de que tal cumplimiento resulte imposible o implique El uso de medios manifiestamente desproporcionados con respecto al derecho protegido. El interesado, de conformidad con el art. 7 del C\u00f3digo de Privacidad, tambi\u00e9n tiene derecho a oponerse, por razones leg\u00edtimas, al procesamiento de datos personales, incluso si es pertinente para el prop\u00f3sito de la recopilaci\u00f3n, as\u00ed como al procesamiento de datos personales con el fin de enviar comunicaciones promocionales o para otros fines para los cuales ha otorgado su consentimiento.<\/span><\/p>\n<p><b>NTP Group S.r.l.\u00a0<\/b><br \/>\nVia Avignone, 15 \u2013 59100 Prato (PO)<br \/>\nTel\/Fax.:\u00a0+39 0574 37 711<br \/>\nCF e P. IVA 05668860488<br \/>\nREG.IMP\u00a0FI05668860488<br \/>\nR.E.A. 0508719<br \/>\nSocial Capital \u20ac 40.000,00 i.v.<\/p>\n<p>@-mail: info[AT]extremeplus.it<\/p>\n<p class=\"p1\"><b style=\"line-height: 1.5;\">UTILIZZO DEI COOKIES<\/b><\/p>\n<p class=\"p1\"><span class=\"s1\">Las cookies son l\u00edneas de texto que act\u00faan como marcadores informaticos enviados por un servidor (en este caso, el de este sitio) al dispositivo de un usuario (generalmente al navegador de Internet) cuando acceden a una p\u00e1gina determinada en un sitio web; Las cookies son almacenadas autom\u00e1ticamente por el navegador del usuario y transmitidas de regreso al servidor que las gener\u00f3 cada vez que el usuario accede a la misma p\u00e1gina de Internet. De esta manera, por ejemplo, las cookies permiten y \/ o facilitan el acceso a algunas p\u00e1ginas de Internet para mejorar la navegaci\u00f3n del usuario, permitiendo el almacenamiento de p\u00e1ginas visitadas y otras informaciones espec\u00edficas, como las p\u00e1ginas visitadas con mayor frecuencia, errores de conexi\u00f3n, etc. Por lo tanto, para un uso facilitado y completo de este sitio, ser\u00eda apropiado que el usuario configure su navegador para aceptar la recepci\u00f3n de estas cookies.<\/span><\/p>\n<p class=\"p1\"><span class=\"s1\">A menudo, los navegadores est\u00e1n configurados para aceptar cookies autom\u00e1ticamente. Sin embargo, los usuarios pueden modificar la configuraci\u00f3n predeterminada, para deshabilitar o eliminar las cookies (de vez en cuando o cancelando todas), pero con la consecuencia de impedir el \u00f3ptimo uso de algunas \u00e1reas del sitio.<span class=\"Apple-converted-space\">\u00a0 <\/span>Es posible verificar los m\u00e9todos y tipos de cookies almacenados en su navegador cambiando la configuraci\u00f3n de las cookies de su navegador.<\/span><\/p>\n<p class=\"p1\"><span class=\"s1\"><b>Pol\u00edtica de privacidad Cookies Extreme &#8211; Plus<\/b><\/span><\/p>\n<p class=\"p3\">EXTREMEPLUS utiliza cookies para proporcionar servicios que mejoran la experiencia de navegaci\u00f3n de los usuarios.<br \/>\nEs posible desactivar la posibilidad de monitorear google, webfonts, google maps y videos incorporados en su navegador.<\/p>\n<p><strong><div data-disabled_by_browser=\"Please enable this feature in your browser settings and reload the page.\" class=\"av-switch-aviaPrivacyGoogleTrackingDisabled av-toggle-switch av-cookie-disable-external-toggle av-cookie-save-unchecked av-cookie-default-checked\"><label><input type=\"checkbox\" checked=\"checked\" id=\"aviaPrivacyGoogleTrackingDisabled\" class=\"aviaPrivacyGoogleTrackingDisabled \" name=\"aviaPrivacyGoogleTrackingDisabled\" ><span class=\"toggle-track\"><\/span><span class=\"toggle-label-content\">Click to enable\/disable Google Analytics tracking.<\/span><\/label><\/div><br \/>\n<\/strong><strong><div class=\"av-switch-aviaPrivacyGoogleWebfontsDisabled av-toggle-switch av-cookie-disable-external-toggle av-cookie-save-unchecked av-cookie-default-checked\"><label><input type=\"checkbox\" checked=\"checked\" id=\"aviaPrivacyGoogleWebfontsDisabled\" class=\"aviaPrivacyGoogleWebfontsDisabled \" name=\"aviaPrivacyGoogleWebfontsDisabled\" ><span class=\"toggle-track\"><\/span><span class=\"toggle-label-content\">Click to enable\/disable Google Webfonts.<\/span><\/label><\/div><br \/>\n<\/strong><strong><div class=\"av-switch-aviaPrivacyGoogleMapsDisabled av-toggle-switch av-cookie-disable-external-toggle av-cookie-save-unchecked av-cookie-default-checked\"><label><input type=\"checkbox\" checked=\"checked\" id=\"aviaPrivacyGoogleMapsDisabled\" class=\"aviaPrivacyGoogleMapsDisabled \" name=\"aviaPrivacyGoogleMapsDisabled\" ><span class=\"toggle-track\"><\/span><span class=\"toggle-label-content\">Click to enable\/disable Google Maps.<\/span><\/label><\/div><\/strong><br \/>\n<strong><div class=\"av-switch-aviaPrivacyVideoEmbedsDisabled av-toggle-switch av-cookie-disable-external-toggle av-cookie-save-unchecked av-cookie-default-checked\"><label><input type=\"checkbox\" checked=\"checked\" id=\"aviaPrivacyVideoEmbedsDisabled\" class=\"aviaPrivacyVideoEmbedsDisabled \" name=\"aviaPrivacyVideoEmbedsDisabled\" ><span class=\"toggle-track\"><\/span><span class=\"toggle-label-content\">Click to enable\/disable video embeds.<\/span><\/label><\/div><\/strong><\/p>\n<p class=\"p1\"><span class=\"s1\"><b>C\u00f3mo utilizamos estas cookies <\/b><\/span><\/p>\n<p class=\"p1\"><span class=\"s1\">. Utilizamos cookies de navegaci\u00f3n an\u00f3nima, necesarias para permitir a los usuarios de navegar correctamente en extremeplus.it, utilizar todas las funciones y acceder a las \u00e1reas seguras. <\/span><\/p>\n<p class=\"p1\"><span class=\"s1\">. Utilizamos cookies analiticas para entender mejor como nuestros usuarios utilizan nuestro sitio web, para optimizar y mejorar el sitio, haci\u00e9ndolo siempre m\u00e1s interesante e importante para nuestros usuarios. <\/span><\/p>\n<p class=\"p1\"><span class=\"s1\">Estas informaciones son an\u00f3nimas y utilizadas s\u00f3lo con finalidad estad\u00edstica. <\/span><\/p>\n<\/div><\/section>\n","protected":false},"excerpt":{"rendered":"","protected":false},"author":1,"featured_media":0,"parent":0,"menu_order":0,"comment_status":"closed","ping_status":"closed","template":"","meta":{"footnotes":""},"yoast_head":"<!-- This site is optimized with the Yoast SEO plugin v22.4 - https:\/\/yoast.com\/wordpress\/plugins\/seo\/ -->\n<title>Privacy e Cookie Policy - www.extremeplus.it<\/title>\n<meta name=\"robots\" content=\"index, follow, max-snippet:-1, max-image-preview:large, max-video-preview:-1\" \/>\n<link rel=\"canonical\" href=\"https:\/\/extremeplus.it\/es\/privacy-policy\/\" \/>\n<meta property=\"og:locale\" content=\"es_ES\" \/>\n<meta property=\"og:type\" content=\"article\" \/>\n<meta property=\"og:title\" content=\"Privacy e Cookie Policy - www.extremeplus.it\" \/>\n<meta property=\"og:url\" content=\"https:\/\/extremeplus.it\/es\/privacy-policy\/\" \/>\n<meta property=\"og:site_name\" content=\"www.extremeplus.it\" \/>\n<meta property=\"article:modified_time\" content=\"2020-02-27T20:30:48+00:00\" \/>\n<meta name=\"twitter:card\" content=\"summary_large_image\" \/>\n<meta name=\"twitter:label1\" content=\"Tiempo de lectura\" \/>\n\t<meta name=\"twitter:data1\" content=\"6 minutos\" \/>\n<script type=\"application\/ld+json\" class=\"yoast-schema-graph\">{\"@context\":\"https:\/\/schema.org\",\"@graph\":[{\"@type\":\"WebPage\",\"@id\":\"https:\/\/extremeplus.it\/es\/privacy-policy\/\",\"url\":\"https:\/\/extremeplus.it\/es\/privacy-policy\/\",\"name\":\"Privacy e Cookie Policy - www.extremeplus.it\",\"isPartOf\":{\"@id\":\"https:\/\/extremeplus.it\/#website\"},\"datePublished\":\"2018-10-12T13:16:34+00:00\",\"dateModified\":\"2020-02-27T20:30:48+00:00\",\"breadcrumb\":{\"@id\":\"https:\/\/extremeplus.it\/es\/privacy-policy\/#breadcrumb\"},\"inLanguage\":\"es\",\"potentialAction\":[{\"@type\":\"ReadAction\",\"target\":[\"https:\/\/extremeplus.it\/es\/privacy-policy\/\"]}]},{\"@type\":\"BreadcrumbList\",\"@id\":\"https:\/\/extremeplus.it\/es\/privacy-policy\/#breadcrumb\",\"itemListElement\":[{\"@type\":\"ListItem\",\"position\":1,\"name\":\"Home\",\"item\":\"https:\/\/extremeplus.it\/es\/\"},{\"@type\":\"ListItem\",\"position\":2,\"name\":\"Privacy e Cookie Policy\"}]},{\"@type\":\"WebSite\",\"@id\":\"https:\/\/extremeplus.it\/#website\",\"url\":\"https:\/\/extremeplus.it\/\",\"name\":\"www.extremeplus.it\",\"description\":\"Extreme Plus NTP - Nano Technology Protect\",\"potentialAction\":[{\"@type\":\"SearchAction\",\"target\":{\"@type\":\"EntryPoint\",\"urlTemplate\":\"https:\/\/extremeplus.it\/?s={search_term_string}\"},\"query-input\":\"required name=search_term_string\"}],\"inLanguage\":\"es\"}]}<\/script>\n<!-- \/ Yoast SEO plugin. -->","yoast_head_json":{"title":"Privacy e Cookie Policy - www.extremeplus.it","robots":{"index":"index","follow":"follow","max-snippet":"max-snippet:-1","max-image-preview":"max-image-preview:large","max-video-preview":"max-video-preview:-1"},"canonical":"https:\/\/extremeplus.it\/es\/privacy-policy\/","og_locale":"es_ES","og_type":"article","og_title":"Privacy e Cookie Policy - www.extremeplus.it","og_url":"https:\/\/extremeplus.it\/es\/privacy-policy\/","og_site_name":"www.extremeplus.it","article_modified_time":"2020-02-27T20:30:48+00:00","twitter_card":"summary_large_image","twitter_misc":{"Tiempo de lectura":"6 minutos"},"schema":{"@context":"https:\/\/schema.org","@graph":[{"@type":"WebPage","@id":"https:\/\/extremeplus.it\/es\/privacy-policy\/","url":"https:\/\/extremeplus.it\/es\/privacy-policy\/","name":"Privacy e Cookie Policy - www.extremeplus.it","isPartOf":{"@id":"https:\/\/extremeplus.it\/#website"},"datePublished":"2018-10-12T13:16:34+00:00","dateModified":"2020-02-27T20:30:48+00:00","breadcrumb":{"@id":"https:\/\/extremeplus.it\/es\/privacy-policy\/#breadcrumb"},"inLanguage":"es","potentialAction":[{"@type":"ReadAction","target":["https:\/\/extremeplus.it\/es\/privacy-policy\/"]}]},{"@type":"BreadcrumbList","@id":"https:\/\/extremeplus.it\/es\/privacy-policy\/#breadcrumb","itemListElement":[{"@type":"ListItem","position":1,"name":"Home","item":"https:\/\/extremeplus.it\/es\/"},{"@type":"ListItem","position":2,"name":"Privacy e Cookie Policy"}]},{"@type":"WebSite","@id":"https:\/\/extremeplus.it\/#website","url":"https:\/\/extremeplus.it\/","name":"www.extremeplus.it","description":"Extreme Plus NTP - Nano Technology Protect","potentialAction":[{"@type":"SearchAction","target":{"@type":"EntryPoint","urlTemplate":"https:\/\/extremeplus.it\/?s={search_term_string}"},"query-input":"required name=search_term_string"}],"inLanguage":"es"}]}},"_links":{"self":[{"href":"https:\/\/extremeplus.it\/es\/wp-json\/wp\/v2\/pages\/3692"}],"collection":[{"href":"https:\/\/extremeplus.it\/es\/wp-json\/wp\/v2\/pages"}],"about":[{"href":"https:\/\/extremeplus.it\/es\/wp-json\/wp\/v2\/types\/page"}],"author":[{"embeddable":true,"href":"https:\/\/extremeplus.it\/es\/wp-json\/wp\/v2\/users\/1"}],"replies":[{"embeddable":true,"href":"https:\/\/extremeplus.it\/es\/wp-json\/wp\/v2\/comments?post=3692"}],"version-history":[{"count":2,"href":"https:\/\/extremeplus.it\/es\/wp-json\/wp\/v2\/pages\/3692\/revisions"}],"predecessor-version":[{"id":3708,"href":"https:\/\/extremeplus.it\/es\/wp-json\/wp\/v2\/pages\/3692\/revisions\/3708"}],"wp:attachment":[{"href":"https:\/\/extremeplus.it\/es\/wp-json\/wp\/v2\/media?parent=3692"}],"curies":[{"name":"wp","href":"https:\/\/api.w.org\/{rel}","templated":true}]}}