{"id":3593,"date":"2018-11-15T16:55:52","date_gmt":"2018-11-15T15:55:52","guid":{"rendered":"https:\/\/www.extremeplus.it\/diventa-xp-point\/"},"modified":"2020-02-27T21:03:32","modified_gmt":"2020-02-27T20:03:32","slug":"conviertete-en-xp-point","status":"publish","type":"page","link":"https:\/\/extremeplus.it\/es\/conviertete-en-xp-point\/","title":{"rendered":"CONVI\u00c9RTETE EN XP POINT"},"content":{"rendered":"<div id='layer_slider_1'  class='avia-layerslider main_color avia-shadow  avia-builder-el-0  el_before_av_section  avia-builder-el-first  container_wrap sidebar_right'  style='height: 371px; max-width: 1880px; margin: 0 auto;'  ><div id=\"layerslider_9\" class=\"ls-wp-container fitvidsignore\" style=\"width:1880px;height:370px;margin:0 auto;margin-bottom: 0px;\"><div class=\"ls-slide\" data-ls=\"bgcolor:#000000;kenburnsscale:1.2;\"><img loading=\"lazy\" decoding=\"async\" width=\"2600\" height=\"521\" src=\"https:\/\/extremeplus.it\/wp-content\/uploads\/2018\/11\/xp-point-background-2.jpg\" class=\"ls-l\" alt=\"\" srcset=\"https:\/\/extremeplus.it\/wp-content\/uploads\/2018\/11\/xp-point-background-2.jpg 2600w, https:\/\/extremeplus.it\/wp-content\/uploads\/2018\/11\/xp-point-background-2-300x60.jpg 300w, https:\/\/extremeplus.it\/wp-content\/uploads\/2018\/11\/xp-point-background-2-768x154.jpg 768w, https:\/\/extremeplus.it\/wp-content\/uploads\/2018\/11\/xp-point-background-2-1030x206.jpg 1030w, https:\/\/extremeplus.it\/wp-content\/uploads\/2018\/11\/xp-point-background-2-1500x301.jpg 1500w, https:\/\/extremeplus.it\/wp-content\/uploads\/2018\/11\/xp-point-background-2-705x141.jpg 705w, https:\/\/extremeplus.it\/wp-content\/uploads\/2018\/11\/xp-point-background-2-450x90.jpg 450w\" sizes=\"(max-width: 2600px) 100vw, 2600px\" style=\"top:-1px;left:42px;width:1871px;height:375px;\"><\/div><\/div><\/div>\n\n<style type=\"text\/css\" data-created_by=\"avia_inline_auto\" id=\"style-css-av-joisl2um-f646d725a2a7a26a850ee76ce89c4e83\">\n.avia-section.av-joisl2um-f646d725a2a7a26a850ee76ce89c4e83{\nbackground-color:#e60020;\n}\n<\/style>\n<div id='av_section_1'  class='avia-section av-joisl2um-f646d725a2a7a26a850ee76ce89c4e83 main_color avia-section-no-padding avia-no-border-styling  avia-builder-el-1  el_after_av_layerslider  el_before_av_section  avia-bg-style-scroll av-minimum-height av-minimum-height-custom  container_wrap sidebar_right'  ><div class='container av-section-cont-open' style='height:7px'><div class='template-page content  av-content-small alpha units'><div class='post-entry post-entry-type-page post-entry-3593'><div class='entry-content-wrapper clearfix'>\n<\/div><\/div><\/div><!-- close content main div --><\/div><\/div>\n<style type=\"text\/css\" data-created_by=\"avia_inline_auto\" id=\"style-css-av-jo4q4xq1-9b0d6e245b96a80816861430910c28d4\">\n.avia-section.av-jo4q4xq1-9b0d6e245b96a80816861430910c28d4{\nbackground-color:#ffffff;\nbackground-repeat:no-repeat;\nbackground-image:url(https:\/\/extremeplus.it\/wp-content\/uploads\/2018\/11\/gocce-2.jpg);\nbackground-position:0% 0%;\nbackground-attachment:scroll;\n}\n<\/style>\n<div id='extremeone'  class='avia-section av-jo4q4xq1-9b0d6e245b96a80816861430910c28d4 main_color avia-section-no-padding avia-no-border-styling  avia-builder-el-2  el_after_av_section  el_before_av_section  avia-bg-style-scroll container_wrap sidebar_right'  data-section-bg-repeat='no-repeat'><div class='container av-section-cont-open' ><div class='template-page content  av-content-small alpha units'><div class='post-entry post-entry-type-page post-entry-3593'><div class='entry-content-wrapper clearfix'>\n\n<style type=\"text\/css\" data-created_by=\"avia_inline_auto\" id=\"style-css-av-jo6ae4pi-336799d6138af2cd51d810839f13b7fe\">\n#top .hr.hr-invisible.av-jo6ae4pi-336799d6138af2cd51d810839f13b7fe{\nheight:25px;\n}\n<\/style>\n<div  class='hr av-jo6ae4pi-336799d6138af2cd51d810839f13b7fe hr-invisible  avia-builder-el-3  el_before_av_one_half  avia-builder-el-first '><span class='hr-inner '><span class=\"hr-inner-style\"><\/span><\/span><\/div>\n\n<style type=\"text\/css\" data-created_by=\"avia_inline_auto\" id=\"style-css-av-gpq0v-9a7ee5dac0346defd58968e290082e40\">\n.flex_column.av-gpq0v-9a7ee5dac0346defd58968e290082e40{\nborder-radius:0px 0px 0px 0px;\n-webkit-border-radius:0px 0px 0px 0px;\n-moz-border-radius:0px 0px 0px 0px;\n}\n<\/style>\n<div class='flex_column av-gpq0v-9a7ee5dac0346defd58968e290082e40 av_one_half  avia-builder-el-4  el_after_av_hr  el_before_av_one_half  first flex_column_div av-zero-column-padding '   ><style type=\"text\/css\" data-created_by=\"avia_inline_auto\" id=\"style-css-av-jolirvmg-ec5d727ba2156e6e9366818fa57b75e2\">\n#top .av_textblock_section.av-jolirvmg-ec5d727ba2156e6e9366818fa57b75e2 .avia_textblock{\nfont-size:40px;\n}\n<\/style>\n<section  class='av_textblock_section av-jolirvmg-ec5d727ba2156e6e9366818fa57b75e2'  itemscope=\"itemscope\" itemtype=\"https:\/\/schema.org\/CreativeWork\" ><div class='avia_textblock'  itemprop=\"text\" ><h1 style=\"font-size: 50px; font-weight: 300; letter-spacing: 0 px;\"><span style=\"color: #000;\">CONVI\u00c9RTETE EN UN<\/span> <span style=\"color: #f30024;\">XP POINT<\/span><\/h1>\n<\/div><\/section><br \/>\n\n<style type=\"text\/css\" data-created_by=\"avia_inline_auto\" id=\"style-css-av-jo6a6401-a902bab6bb16177153be721c85adf86e\">\n#top .av_textblock_section.av-jo6a6401-a902bab6bb16177153be721c85adf86e .avia_textblock{\nfont-size:15px;\ncolor:#636363;\n}\n<\/style>\n<section  class='av_textblock_section av-jo6a6401-a902bab6bb16177153be721c85adf86e'  itemscope=\"itemscope\" itemtype=\"https:\/\/schema.org\/CreativeWork\" ><div class='avia_textblock av_inherit_color'  itemprop=\"text\" ><p class=\"p1\"><strong><span class=\"s1\">PORQUE CONVERTIRSE EN UN XP POINT? <\/span><span class=\"s1\">NUESTRO OBJETIVO ES HACER BRILLAR Y PROTEGER TU MUNDO!<\/span><\/strong><\/p>\n<p class=\"p1\"><span class=\"s1\">Buscamos sintetizar el concepto que nos impulsa a crear con Vosotros (\u201cUstedes\u201d latinoam\u00e9rica) una sinergia de objetivos comunes, que vuestros clientes puedan encontrar en cada uno de los puntos. XP Point es reconocible e inconfundible, por medio de la instalaci\u00f3n de las debidas estructuras visibles, a trav\u00e9s de la seguridad de encontrar los mismos productos y las mismas metodolog\u00edas de aplicaci\u00f3n en todos los puntos.<\/span><\/p>\n<p class=\"p1\"><span class=\"s1\">Los mismos productos y m\u00e9todos que los operadores han aprendido y conocido frecuentando nuestros cursos de formaci\u00f3n, incluidos en la prestaci\u00f3n. <\/span><\/p>\n<\/div><\/section><\/p><\/div>\n<style type=\"text\/css\" data-created_by=\"avia_inline_auto\" id=\"style-css-av-6nxbz-323c261646132c9a3a01307e27ae8f7e\">\n.flex_column.av-6nxbz-323c261646132c9a3a01307e27ae8f7e{\nborder-radius:0px 0px 0px 0px;\n-webkit-border-radius:0px 0px 0px 0px;\n-moz-border-radius:0px 0px 0px 0px;\n}\n<\/style>\n<div class='flex_column av-6nxbz-323c261646132c9a3a01307e27ae8f7e av_one_half  avia-builder-el-7  el_after_av_one_half  el_before_av_one_half  flex_column_div av-zero-column-padding '   ><p>\n<style type=\"text\/css\" data-created_by=\"avia_inline_auto\" id=\"style-css-av-jolnujt8-73616d31958234c9f2e74015e4415985\">\n#top .hr.hr-invisible.av-jolnujt8-73616d31958234c9f2e74015e4415985{\nheight:70px;\n}\n<\/style>\n<div  class='hr av-jolnujt8-73616d31958234c9f2e74015e4415985 hr-invisible  avia-builder-el-8  el_before_av_image  avia-builder-el-first '><span class='hr-inner '><span class=\"hr-inner-style\"><\/span><\/span><\/div><br \/>\n\n<style type=\"text\/css\" data-created_by=\"avia_inline_auto\" id=\"style-css-av-jo6acz47-51977121688c23199068ea58321a357c\">\n.avia-image-container.av-jo6acz47-51977121688c23199068ea58321a357c .av-image-caption-overlay-center{\ncolor:#ffffff;\n}\n<\/style>\n<div  class='avia-image-container av-jo6acz47-51977121688c23199068ea58321a357c av-styling- avia-align-center  avia-builder-el-9  el_after_av_hr  avia-builder-el-last '  itemprop=\"image\" itemscope=\"itemscope\" itemtype=\"https:\/\/schema.org\/ImageObject\" ><div class=\"avia-image-container-inner\"><div class=\"avia-image-overlay-wrap\"><img decoding=\"async\" class='wp-image-3336 avia-img-lazy-loading-not-3336 avia_image' src=\"https:\/\/extremeplus.it\/wp-content\/uploads\/2018\/11\/immaginisezione-xp-point-1.png\" alt='' title=''  height=\"348\" width=\"500\"  itemprop=\"thumbnailUrl\" srcset=\"https:\/\/extremeplus.it\/wp-content\/uploads\/2018\/11\/immaginisezione-xp-point-1.png 500w, https:\/\/extremeplus.it\/wp-content\/uploads\/2018\/11\/immaginisezione-xp-point-1-300x209.png 300w, https:\/\/extremeplus.it\/wp-content\/uploads\/2018\/11\/immaginisezione-xp-point-1-450x313.png 450w\" sizes=\"(max-width: 500px) 100vw, 500px\" \/><\/div><\/div><\/div><\/p><\/div>\n<style type=\"text\/css\" data-created_by=\"avia_inline_auto\" id=\"style-css-av-gpq0v-b0fcc9adbd829af0fd6963346f1a66f9\">\n#top .flex_column.av-gpq0v-b0fcc9adbd829af0fd6963346f1a66f9{\nmargin-top:-0px;\nmargin-bottom:0px;\n}\n.flex_column.av-gpq0v-b0fcc9adbd829af0fd6963346f1a66f9{\nborder-radius:0px 0px 0px 0px;\n-webkit-border-radius:0px 0px 0px 0px;\n-moz-border-radius:0px 0px 0px 0px;\n}\n.responsive #top #wrap_all .flex_column.av-gpq0v-b0fcc9adbd829af0fd6963346f1a66f9{\nmargin-top:-0px;\nmargin-bottom:0px;\n}\n<\/style>\n<div class='flex_column av-gpq0v-b0fcc9adbd829af0fd6963346f1a66f9 av_one_half  avia-builder-el-10  el_after_av_one_half  el_before_av_one_fourth  first flex_column_div av-zero-column-padding column-top-margin'   ><p>\n<style type=\"text\/css\" data-created_by=\"avia_inline_auto\" id=\"style-css-av-joljpwr1-0be8af51f0a54c534b613eadfb13c1b6\">\n.iconbox.av-joljpwr1-0be8af51f0a54c534b613eadfb13c1b6 .iconbox_icon{\nbackground-color:#f30024;\ncolor:#ffffff;\n}\n#top #wrap_all .iconbox.av-joljpwr1-0be8af51f0a54c534b613eadfb13c1b6 .iconbox_content_title{\ncolor:#f30024;\n}\n.iconbox.av-joljpwr1-0be8af51f0a54c534b613eadfb13c1b6 .iconbox_content_container{\ncolor:#f30024;\n}\n<\/style>\n<article  class='iconbox iconbox_left_content av-joljpwr1-0be8af51f0a54c534b613eadfb13c1b6 av-icon-style-no-border  avia-builder-el-11  el_before_av_textblock  avia-builder-el-first '  itemscope=\"itemscope\" itemtype=\"https:\/\/schema.org\/CreativeWork\" ><div class=\"iconbox_icon heading-color\" aria-hidden='true' data-av_icon='\ue81e' data-av_iconfont='entypo-fontello'><\/div><div class=\"iconbox_content\"><header class=\"entry-content-header\"><h3 class='iconbox_content_title '  itemprop=\"headline\" ><a href='https:\/\/extremeplus.it\/es\/solicitar-informacion\/' title='QUIERE SABER C\u00d3MO CONVERTIRSE EN UN XP POINT?'  >QUIERE SABER C\u00d3MO CONVERTIRSE EN UN XP POINT?<\/a><\/h3><\/header><div class='iconbox_content_container av_inherit_color'  itemprop=\"text\" ><p><a style=\"text-decoration: none;\" href=\"https:\/\/www.extremeplus.it\/es\/solicitar-informacion\/\">Solicite informaci\u00f3n, click aqui. \u00bb<\/a><\/p>\n<\/div><\/div><footer class=\"entry-footer\"><\/footer><\/article><br \/>\n\n<style type=\"text\/css\" data-created_by=\"avia_inline_auto\" id=\"style-css-av-jo6a6401-a902bab6bb16177153be721c85adf86e\">\n#top .av_textblock_section.av-jo6a6401-a902bab6bb16177153be721c85adf86e .avia_textblock{\nfont-size:15px;\ncolor:#636363;\n}\n<\/style>\n<section  class='av_textblock_section av-jo6a6401-a902bab6bb16177153be721c85adf86e'  itemscope=\"itemscope\" itemtype=\"https:\/\/schema.org\/CreativeWork\" ><div class='avia_textblock av_inherit_color'  itemprop=\"text\" ><p class=\"p1\"><span class=\"s1\">Vuestros clientes tendr\u00e1n la seguridad de poder confiarse en t\u00e9cnicos competentes y encontrar productos siempre innovativos, que respetan el ambiente y sus bienes gracias a la b\u00fasqueda y desarrollo que Extreme &#8211; Plus puede apoyar.<\/span><\/p>\n<p class=\"p1\"><span class=\"s1\">Busqueda y desarrollo a los cuales podran participar vosotros (ustedes) tambien formando parte de nuestra Red.<\/span><\/p>\n<p><span class=\"s1\">Extreme Plus a trav\u00e9s de una considerable investigaci\u00f3n<span class=\"Apple-converted-space\">\u00a0 <\/span>en las mejores estructuras, coordinada por nuestros t\u00e9cnicos especializados, ha creado el Network Extreme &#8211; Plus Point: centros profesionales presentes en toda Italia que ofrecen el servicio Extreme &#8211; Plus 360\u00b0, podremos y podr\u00e1n ustedes tambi\u00e9n demostrar de ser parte de una marca competitiva a nivel internacional.<\/span><\/p>\n<p class=\"p1\"><span class=\"s1\">Las ventajas del Circuito Punto son:<\/span><\/p>\n<p><span style=\"font-weight: 400;\">&#8211; Marca reconocida de alta calidad.<br \/>\n<\/span><span style=\"font-weight: 400;\">&#8211; Supporto del servizio tecnico EXTREME-PLUS.<br \/>\n<\/span><span style=\"font-weight: 400;\">&#8211; Soporte del servicio tecnico Extreme &#8211; Plus.<br \/>\n<\/span><span style=\"font-weight: 400;\">&#8211; Inserci\u00f3n en el sitio web en la secci\u00f3n POINT.<br \/>\n<\/span><span style=\"font-weight: 400;\">&#8211; Direccionamiento de la clientela que quiere usufruir de nuestros servicios.<br \/>\n<\/span><span style=\"font-weight: 400;\">&#8211; Curso personalizado.<br \/>\n<\/span><span style=\"font-weight: 400;\">&#8211; Vestimenta Extreme &#8211; Plus.<br \/>\n&#8211;\u00a0Visibilidad en las redes sociales: Facebook Instagram.<\/span><\/p>\n<p class=\"p1\"><span class=\"s1\">Con la estructura que te proporcionamos ser\u00e1s inmediatamente reconocible. La cual podr\u00e1 a su vez, ser utilizada como stand en las ferias comerciales. Podran elegir entre dos medida de altura.<\/span><\/p>\n<\/div><\/section><\/p><\/div>\n<style type=\"text\/css\" data-created_by=\"avia_inline_auto\" id=\"style-css-av-265llb-29409e8196053d5d1ac988fbb4c37172\">\n#top .flex_column.av-265llb-29409e8196053d5d1ac988fbb4c37172{\nmargin-top:-0px;\nmargin-bottom:0px;\n}\n.flex_column.av-265llb-29409e8196053d5d1ac988fbb4c37172{\nborder-radius:0px 0px 0px 0px;\n-webkit-border-radius:0px 0px 0px 0px;\n-moz-border-radius:0px 0px 0px 0px;\npadding:-20px 0px 0px 0px;\n}\n.responsive #top #wrap_all .flex_column.av-265llb-29409e8196053d5d1ac988fbb4c37172{\nmargin-top:-0px;\nmargin-bottom:0px;\n}\n<\/style>\n<div class='flex_column av-265llb-29409e8196053d5d1ac988fbb4c37172 av_one_fourth  avia-builder-el-13  el_after_av_one_half  el_before_av_one_fourth  flex_column_div column-top-margin'   ><p>\n<style type=\"text\/css\" data-created_by=\"avia_inline_auto\" id=\"style-css-av-jp2ulq4u-9e7e3d8e198fe0f5220a5c3ac8875409\">\n#top .hr.hr-invisible.av-jp2ulq4u-9e7e3d8e198fe0f5220a5c3ac8875409{\nheight:20px;\n}\n<\/style>\n<div  class='hr av-jp2ulq4u-9e7e3d8e198fe0f5220a5c3ac8875409 hr-invisible  avia-builder-el-14  el_before_av_textblock  avia-builder-el-first '><span class='hr-inner '><span class=\"hr-inner-style\"><\/span><\/span><\/div><br \/>\n\n<style type=\"text\/css\" data-created_by=\"avia_inline_auto\" id=\"style-css-av-jolnrhnv-2e3152f84cbdf7c9c34f99557762bd20\">\n#top .av_textblock_section.av-jolnrhnv-2e3152f84cbdf7c9c34f99557762bd20 .avia_textblock{\nfont-size:15px;\ncolor:#636363;\n}\n<\/style>\n<section  class='av_textblock_section av-jolnrhnv-2e3152f84cbdf7c9c34f99557762bd20'  itemscope=\"itemscope\" itemtype=\"https:\/\/schema.org\/CreativeWork\" ><div class='avia_textblock av_inherit_color'  itemprop=\"text\" ><h3 style=\"text-align: left; margin-top: 50px; margin-left: 45px;\">Encuentra XP Point:<\/h3>\n<p style=\"text-align: left; margin-left: 55px;\">Haga clic <a href=\"http:\/\/www.extremeplus.it\/trova-xp-point-piu-vicino\/\">AQU\u00cd <\/a> o en el mapa a continuaci\u00f3n y encuentre el XP Point m\u00e1s cercano.<\/p>\n<\/div><\/section><\/p><\/div>\n<style type=\"text\/css\" data-created_by=\"avia_inline_auto\" id=\"style-css-av-265llb-29409e8196053d5d1ac988fbb4c37172\">\n#top .flex_column.av-265llb-29409e8196053d5d1ac988fbb4c37172{\nmargin-top:-0px;\nmargin-bottom:0px;\n}\n.flex_column.av-265llb-29409e8196053d5d1ac988fbb4c37172{\nborder-radius:0px 0px 0px 0px;\n-webkit-border-radius:0px 0px 0px 0px;\n-moz-border-radius:0px 0px 0px 0px;\npadding:-20px 0px 0px 0px;\n}\n.responsive #top #wrap_all .flex_column.av-265llb-29409e8196053d5d1ac988fbb4c37172{\nmargin-top:-0px;\nmargin-bottom:0px;\n}\n<\/style>\n<div class='flex_column av-265llb-29409e8196053d5d1ac988fbb4c37172 av_one_fourth  avia-builder-el-16  el_after_av_one_fourth  el_before_av_hr  flex_column_div column-top-margin'   ><p>\n<style type=\"text\/css\" data-created_by=\"avia_inline_auto\" id=\"style-css-av-jp2ulq4u-9e7e3d8e198fe0f5220a5c3ac8875409\">\n#top .hr.hr-invisible.av-jp2ulq4u-9e7e3d8e198fe0f5220a5c3ac8875409{\nheight:20px;\n}\n<\/style>\n<div  class='hr av-jp2ulq4u-9e7e3d8e198fe0f5220a5c3ac8875409 hr-invisible  avia-builder-el-17  el_before_av_image  avia-builder-el-first '><span class='hr-inner '><span class=\"hr-inner-style\"><\/span><\/span><\/div><br \/>\n\n<style type=\"text\/css\" data-created_by=\"avia_inline_auto\" id=\"style-css-av-jooinn04-3587ff582cf4a4c3823a08463c7d44f8\">\n.avia-image-container.av-jooinn04-3587ff582cf4a4c3823a08463c7d44f8 .av-image-caption-overlay-center{\ncolor:#ffffff;\n}\n<\/style>\n<div  class='avia-image-container av-jooinn04-3587ff582cf4a4c3823a08463c7d44f8 av-styling- avia-align-left  avia-builder-el-18  el_after_av_hr  avia-builder-el-last '  itemprop=\"image\" itemscope=\"itemscope\" itemtype=\"https:\/\/schema.org\/ImageObject\" ><div class=\"avia-image-container-inner\"><div class=\"avia-image-overlay-wrap\"><a href=\"https:\/\/extremeplus.it\/trova-xp-point-piu-vicino\/\" class='avia_image' ><img decoding=\"async\" class='wp-image-3391 avia-img-lazy-loading-not-3391 avia_image' src=\"https:\/\/extremeplus.it\/wp-content\/uploads\/2018\/11\/xp-map.jpg\" alt='' title='Trova XP POINT pi\u00f9 vicino'  height=\"200\" width=\"250\"  itemprop=\"thumbnailUrl\"  \/><\/a><\/div><\/div><\/div><\/p><\/div>\n<style type=\"text\/css\" data-created_by=\"avia_inline_auto\" id=\"style-css-av-jo6adms6-6d6722c5c2fb05c1df03ba79fa72f0e1\">\n#top .hr.hr-invisible.av-jo6adms6-6d6722c5c2fb05c1df03ba79fa72f0e1{\nheight:70px;\n}\n<\/style>\n<div  class='hr av-jo6adms6-6d6722c5c2fb05c1df03ba79fa72f0e1 hr-invisible  avia-builder-el-19  el_after_av_one_fourth  avia-builder-el-last '><span class='hr-inner '><span class=\"hr-inner-style\"><\/span><\/span><\/div>\n<\/div><\/div><\/div><!-- close content main div --><\/div><\/div>\n<style type=\"text\/css\" data-created_by=\"avia_inline_auto\" id=\"style-css-av-joblxy30-28d0b25458d0c5e99f16dc9900946838\">\n.avia-section.av-joblxy30-28d0b25458d0c5e99f16dc9900946838{\nbackground-color:#e60020;\n}\n<\/style>\n<div id='av_section_3'  class='avia-section av-joblxy30-28d0b25458d0c5e99f16dc9900946838 main_color avia-section-no-padding avia-no-border-styling  avia-builder-el-20  el_after_av_section  avia-builder-el-last  avia-bg-style-scroll av-minimum-height av-minimum-height-custom  container_wrap sidebar_right'  ><div class='container av-section-cont-open' style='height:7px'><div class='template-page content  av-content-small alpha units'><div class='post-entry post-entry-type-page post-entry-3593'><div class='entry-content-wrapper clearfix'><\/div><\/div><\/div><!-- close content main div --><\/div><\/div><div id='after_section_3'  class='main_color av_default_container_wrap container_wrap sidebar_right'  ><div class='container av-section-cont-open' ><div class='template-page content  av-content-small alpha units'><div class='post-entry post-entry-type-page post-entry-3593'><div class='entry-content-wrapper clearfix'><\/p>\n","protected":false},"excerpt":{"rendered":"","protected":false},"author":1,"featured_media":0,"parent":0,"menu_order":0,"comment_status":"closed","ping_status":"closed","template":"","meta":{"footnotes":""},"yoast_head":"<!-- This site is optimized with the Yoast SEO plugin v22.4 - https:\/\/yoast.com\/wordpress\/plugins\/seo\/ -->\n<title>CONVI\u00c9RTETE EN XP POINT - www.extremeplus.it<\/title>\n<meta name=\"robots\" content=\"index, follow, max-snippet:-1, max-image-preview:large, max-video-preview:-1\" \/>\n<link rel=\"canonical\" href=\"https:\/\/extremeplus.it\/es\/conviertete-en-xp-point\/\" \/>\n<meta property=\"og:locale\" content=\"es_ES\" \/>\n<meta property=\"og:type\" content=\"article\" \/>\n<meta property=\"og:title\" content=\"CONVI\u00c9RTETE EN XP POINT - www.extremeplus.it\" \/>\n<meta property=\"og:url\" content=\"https:\/\/extremeplus.it\/es\/conviertete-en-xp-point\/\" \/>\n<meta property=\"og:site_name\" content=\"www.extremeplus.it\" \/>\n<meta property=\"article:modified_time\" content=\"2020-02-27T20:03:32+00:00\" \/>\n<meta name=\"twitter:card\" content=\"summary_large_image\" \/>\n<meta name=\"twitter:label1\" content=\"Tiempo de lectura\" \/>\n\t<meta name=\"twitter:data1\" content=\"8 minutos\" \/>\n<script type=\"application\/ld+json\" class=\"yoast-schema-graph\">{\"@context\":\"https:\/\/schema.org\",\"@graph\":[{\"@type\":\"WebPage\",\"@id\":\"https:\/\/extremeplus.it\/es\/conviertete-en-xp-point\/\",\"url\":\"https:\/\/extremeplus.it\/es\/conviertete-en-xp-point\/\",\"name\":\"CONVI\u00c9RTETE EN XP POINT - www.extremeplus.it\",\"isPartOf\":{\"@id\":\"https:\/\/extremeplus.it\/#website\"},\"datePublished\":\"2018-11-15T15:55:52+00:00\",\"dateModified\":\"2020-02-27T20:03:32+00:00\",\"breadcrumb\":{\"@id\":\"https:\/\/extremeplus.it\/es\/conviertete-en-xp-point\/#breadcrumb\"},\"inLanguage\":\"es\",\"potentialAction\":[{\"@type\":\"ReadAction\",\"target\":[\"https:\/\/extremeplus.it\/es\/conviertete-en-xp-point\/\"]}]},{\"@type\":\"BreadcrumbList\",\"@id\":\"https:\/\/extremeplus.it\/es\/conviertete-en-xp-point\/#breadcrumb\",\"itemListElement\":[{\"@type\":\"ListItem\",\"position\":1,\"name\":\"Home\",\"item\":\"https:\/\/extremeplus.it\/es\/\"},{\"@type\":\"ListItem\",\"position\":2,\"name\":\"CONVI\u00c9RTETE EN XP POINT\"}]},{\"@type\":\"WebSite\",\"@id\":\"https:\/\/extremeplus.it\/#website\",\"url\":\"https:\/\/extremeplus.it\/\",\"name\":\"www.extremeplus.it\",\"description\":\"Extreme Plus NTP - Nano Technology Protect\",\"potentialAction\":[{\"@type\":\"SearchAction\",\"target\":{\"@type\":\"EntryPoint\",\"urlTemplate\":\"https:\/\/extremeplus.it\/?s={search_term_string}\"},\"query-input\":\"required name=search_term_string\"}],\"inLanguage\":\"es\"}]}<\/script>\n<!-- \/ Yoast SEO plugin. -->","yoast_head_json":{"title":"CONVI\u00c9RTETE EN XP POINT - www.extremeplus.it","robots":{"index":"index","follow":"follow","max-snippet":"max-snippet:-1","max-image-preview":"max-image-preview:large","max-video-preview":"max-video-preview:-1"},"canonical":"https:\/\/extremeplus.it\/es\/conviertete-en-xp-point\/","og_locale":"es_ES","og_type":"article","og_title":"CONVI\u00c9RTETE EN XP POINT - www.extremeplus.it","og_url":"https:\/\/extremeplus.it\/es\/conviertete-en-xp-point\/","og_site_name":"www.extremeplus.it","article_modified_time":"2020-02-27T20:03:32+00:00","twitter_card":"summary_large_image","twitter_misc":{"Tiempo de lectura":"8 minutos"},"schema":{"@context":"https:\/\/schema.org","@graph":[{"@type":"WebPage","@id":"https:\/\/extremeplus.it\/es\/conviertete-en-xp-point\/","url":"https:\/\/extremeplus.it\/es\/conviertete-en-xp-point\/","name":"CONVI\u00c9RTETE EN XP POINT - www.extremeplus.it","isPartOf":{"@id":"https:\/\/extremeplus.it\/#website"},"datePublished":"2018-11-15T15:55:52+00:00","dateModified":"2020-02-27T20:03:32+00:00","breadcrumb":{"@id":"https:\/\/extremeplus.it\/es\/conviertete-en-xp-point\/#breadcrumb"},"inLanguage":"es","potentialAction":[{"@type":"ReadAction","target":["https:\/\/extremeplus.it\/es\/conviertete-en-xp-point\/"]}]},{"@type":"BreadcrumbList","@id":"https:\/\/extremeplus.it\/es\/conviertete-en-xp-point\/#breadcrumb","itemListElement":[{"@type":"ListItem","position":1,"name":"Home","item":"https:\/\/extremeplus.it\/es\/"},{"@type":"ListItem","position":2,"name":"CONVI\u00c9RTETE EN XP POINT"}]},{"@type":"WebSite","@id":"https:\/\/extremeplus.it\/#website","url":"https:\/\/extremeplus.it\/","name":"www.extremeplus.it","description":"Extreme Plus NTP - Nano Technology Protect","potentialAction":[{"@type":"SearchAction","target":{"@type":"EntryPoint","urlTemplate":"https:\/\/extremeplus.it\/?s={search_term_string}"},"query-input":"required name=search_term_string"}],"inLanguage":"es"}]}},"_links":{"self":[{"href":"https:\/\/extremeplus.it\/es\/wp-json\/wp\/v2\/pages\/3593"}],"collection":[{"href":"https:\/\/extremeplus.it\/es\/wp-json\/wp\/v2\/pages"}],"about":[{"href":"https:\/\/extremeplus.it\/es\/wp-json\/wp\/v2\/types\/page"}],"author":[{"embeddable":true,"href":"https:\/\/extremeplus.it\/es\/wp-json\/wp\/v2\/users\/1"}],"replies":[{"embeddable":true,"href":"https:\/\/extremeplus.it\/es\/wp-json\/wp\/v2\/comments?post=3593"}],"version-history":[{"count":8,"href":"https:\/\/extremeplus.it\/es\/wp-json\/wp\/v2\/pages\/3593\/revisions"}],"predecessor-version":[{"id":3904,"href":"https:\/\/extremeplus.it\/es\/wp-json\/wp\/v2\/pages\/3593\/revisions\/3904"}],"wp:attachment":[{"href":"https:\/\/extremeplus.it\/es\/wp-json\/wp\/v2\/media?parent=3593"}],"curies":[{"name":"wp","href":"https:\/\/api.w.org\/{rel}","templated":true}]}}